{"id":2571,"date":"2021-09-08T20:11:05","date_gmt":"2021-09-08T17:11:05","guid":{"rendered":"https:\/\/keylessgorepeater.com\/delivery\/"},"modified":"2025-02-28T16:42:51","modified_gmt":"2025-02-28T13:42:51","slug":"delivery","status":"publish","type":"page","link":"https:\/\/keylessrepeaterbox.com\/de\/delivery\/","title":{"rendered":"Delivery"},"content":{"rendered":"<p style=\"text-align: center;\"><strong><img loading=\"lazy\" decoding=\"async\" class=\"alignnone wp-image-4193\" src=\"https:\/\/keylessrepeaterbox.com\/wp-content\/uploads\/2025\/02\/4e76b979-fa6b-42b1-b0ab-cbeed0a6c9bb-300x139.jpg\" alt=\"\" width=\"184\" height=\"85\" srcset=\"https:\/\/keylessrepeaterbox.com\/wp-content\/uploads\/2025\/02\/4e76b979-fa6b-42b1-b0ab-cbeed0a6c9bb-300x139.jpg 300w, https:\/\/keylessrepeaterbox.com\/wp-content\/uploads\/2025\/02\/4e76b979-fa6b-42b1-b0ab-cbeed0a6c9bb-1024x473.jpg 1024w, https:\/\/keylessrepeaterbox.com\/wp-content\/uploads\/2025\/02\/4e76b979-fa6b-42b1-b0ab-cbeed0a6c9bb-768x355.jpg 768w, https:\/\/keylessrepeaterbox.com\/wp-content\/uploads\/2025\/02\/4e76b979-fa6b-42b1-b0ab-cbeed0a6c9bb.jpg 1280w\" sizes=\"auto, (max-width: 184px) 100vw, 184px\" \/><\/strong><\/p>\n<p class=\"p1\">Die Lieferung der Waren erfolgt durch DHL, eines der weltweit f\u00fchrenden Kurierunternehmen, das einen schnellen, zuverl\u00e4ssigen und sicheren Versand weltweit bietet. Zu den Vorteilen von DHL geh\u00f6ren eine hohe Transportgeschwindigkeit, Sendungsverfolgung in Echtzeit, garantierte Lieferzeiten und eine breite Palette zus\u00e4tzlicher Dienstleistungen. Mit einem globalen Logistiknetzwerk und einem professionellen Ansatz sorgt DHL f\u00fcr eine bequeme und effiziente Lieferung sowohl f\u00fcr Privatkunden als auch f\u00fcr Unternehmen. Lieferbedingungen und -methoden werden bei der Bestellung individuell mit dem Manager besprochen.<\/p>\n","protected":false},"excerpt":{"rendered":"<p>Die Lieferung der Waren erfolgt durch DHL, eines der weltweit f\u00fchrenden Kurierunternehmen, das einen schnellen, zuverl\u00e4ssigen und sicheren Versand weltweit bietet. Zu den Vorteilen von DHL geh\u00f6ren eine hohe Transportgeschwindigkeit, Sendungsverfolgung in Echtzeit, garantierte Lieferzeiten und eine breite Palette zus\u00e4tzlicher Dienstleistungen. Mit einem globalen Logistiknetzwerk und einem professionellen Ansatz sorgt DHL f\u00fcr eine bequeme und [&hellip;]<\/p>\n","protected":false},"author":2,"featured_media":0,"parent":0,"menu_order":0,"comment_status":"closed","ping_status":"closed","template":"","meta":{"footnotes":""},"class_list":["post-2571","page","type-page","status-publish","hentry"],"_links":{"self":[{"href":"https:\/\/keylessrepeaterbox.com\/de\/wp-json\/wp\/v2\/pages\/2571","targetHints":{"allow":["GET"]}}],"collection":[{"href":"https:\/\/keylessrepeaterbox.com\/de\/wp-json\/wp\/v2\/pages"}],"about":[{"href":"https:\/\/keylessrepeaterbox.com\/de\/wp-json\/wp\/v2\/types\/page"}],"author":[{"embeddable":true,"href":"https:\/\/keylessrepeaterbox.com\/de\/wp-json\/wp\/v2\/users\/2"}],"replies":[{"embeddable":true,"href":"https:\/\/keylessrepeaterbox.com\/de\/wp-json\/wp\/v2\/comments?post=2571"}],"version-history":[{"count":2,"href":"https:\/\/keylessrepeaterbox.com\/de\/wp-json\/wp\/v2\/pages\/2571\/revisions"}],"predecessor-version":[{"id":4279,"href":"https:\/\/keylessrepeaterbox.com\/de\/wp-json\/wp\/v2\/pages\/2571\/revisions\/4279"}],"wp:attachment":[{"href":"https:\/\/keylessrepeaterbox.com\/de\/wp-json\/wp\/v2\/media?parent=2571"}],"curies":[{"name":"wp","href":"https:\/\/api.w.org\/{rel}","templated":true}]}}