{"id":2583,"date":"2021-09-08T20:10:37","date_gmt":"2021-09-08T17:10:37","guid":{"rendered":"https:\/\/keylessgorepeater.com\/warranty\/"},"modified":"2025-02-28T12:33:21","modified_gmt":"2025-02-28T09:33:21","slug":"warranty","status":"publish","type":"page","link":"https:\/\/keylessrepeaterbox.com\/de\/warranty\/","title":{"rendered":"Warranty"},"content":{"rendered":"<p><img loading=\"lazy\" decoding=\"async\" class=\"alignnone wp-image-4252\" src=\"https:\/\/keylessrepeaterbox.com\/wp-content\/uploads\/2025\/02\/photo_2025-02-28-11.17.40-300x300.jpeg\" alt=\"\" width=\"217\" height=\"217\" srcset=\"https:\/\/keylessrepeaterbox.com\/wp-content\/uploads\/2025\/02\/photo_2025-02-28-11.17.40-300x300.jpeg 300w, https:\/\/keylessrepeaterbox.com\/wp-content\/uploads\/2025\/02\/photo_2025-02-28-11.17.40-150x150.jpeg 150w, https:\/\/keylessrepeaterbox.com\/wp-content\/uploads\/2025\/02\/photo_2025-02-28-11.17.40-768x768.jpeg 768w, https:\/\/keylessrepeaterbox.com\/wp-content\/uploads\/2025\/02\/photo_2025-02-28-11.17.40.jpeg 1024w\" sizes=\"auto, (max-width: 217px) 100vw, 217px\" \/><\/p>\n<p>Garantie und Kundensupport<\/p>\n<p>Wir sch\u00e4tzen das Vertrauen unserer Kunden und bem\u00fchen uns, maximales Vertrauen in die Qualit\u00e4t der auf unserer Website pr\u00e4sentierten Ger\u00e4te zu schaffen.<\/p>\n<p>1 Jahr Herstellergarantie<\/p>\n<p>Alle in unserem Katalog pr\u00e4sentierten Ger\u00e4te werden von einer direkten 1-Jahres-Garantie ihrer Hersteller begleitet. Dies bedeutet, dass innerhalb von 12 Monaten ab Kaufdatum bei Auftreten von Herstellungsfehlern oder Fehlfunktionen, die mit einem Fabrikationsfehler verbunden sind, das Ger\u00e4t gem\u00e4\u00df den Bedingungen des Herstellers repariert oder ersetzt werden kann.<\/p>\n<p>Wir arbeiten nur mit zuverl\u00e4ssigen und bew\u00e4hrten Lieferanten zusammen, was die Originalit\u00e4t und hohe Qualit\u00e4t jedes Produkts garantiert.<\/p>\n<p>Was die Garantie beinhaltet:<br \/>\n\u2714 Kostenlose Reparatur bei Feststellung eines Herstellungsfehlers<br \/>\n\u2714 M\u00f6glicher Austausch des Ger\u00e4ts, wenn es nicht repariert werden kann<br \/>\n\u2714 Direkter Kontakt mit den autorisierten Servicezentren des Herstellers<\/p>\n<p>Was die Garantie nicht beinhaltet:<br \/>\n\u2718 Sch\u00e4den, die durch unsachgem\u00e4\u00dfe Bedienung oder Nichtbefolgen der Anweisungen verursacht wurden<br \/>\n\u2718 Mechanische Sch\u00e4den durch St\u00fcrze, St\u00f6\u00dfe und andere \u00e4u\u00dfere Einfl\u00fcsse<br \/>\n\u2718 Eindringen von Feuchtigkeit, Staub oder Schmutz in das Ger\u00e4t, wenn dies nicht durch die Betriebsbedingungen vorgesehen ist<\/p>\n<p>Kundenkonto nach Garantieservice<\/p>\n<p>Wir k\u00fcmmern uns um jeden Kunden nicht nur w\u00e4hrend der Garantiezeit, sondern auch nach deren Ablauf.<\/p>\n<p>Nach Abschluss des Garantieservices stellen wir Ihnen ein pers\u00f6nliches Kundenkonto zur Verf\u00fcgung, mit dem Sie:<br \/>\n\u2714 den Verlauf der Garantieanfragen und -reparaturen verfolgen<br \/>\n\u2714 pers\u00f6nliche Empfehlungen und Updates zu Ger\u00e4ten erhalten<br \/>\n\u2714 einen Nachgarantieservice zu g\u00fcnstigen Konditionen vereinbaren<br \/>\n\u2714 schnell den technischen Support f\u00fcr Beratungen kontaktieren<\/p>\n<p>Unsere Spezialisten sind immer bereit, Ihnen bei allen Fragen im Zusammenhang mit dem Betrieb und der Wartung der gekauften Ger\u00e4te zu helfen.<\/p>\n<p>Wie nutzt man die Garantie?<\/p>\n<p>1\ufe0f\u20e3 Kontaktieren Sie unseren Support unter Angabe der Bestellnummer und einer Beschreibung des Problems.<br \/>\n2\ufe0f\u20e3 Wir leiten Sie an ein autorisiertes Servicecenter weiter oder veranlassen eine Reparatur\/einen Austausch gem\u00e4\u00df den Bedingungen des Herstellers.<br \/>\n3\ufe0f\u20e3 Nach Ablauf der Garantiereparatur erhalten Sie eine pers\u00f6nliche Kontonummer f\u00fcr den weiteren Service.<\/p>\n<p>Wir sind von der Qualit\u00e4t unserer Produkte \u00fcberzeugt und bereit, Ihnen nicht nur zuverl\u00e4ssige Ger\u00e4te, sondern auch ein hohes Ma\u00df an Service anzubieten!<\/p>\n","protected":false},"excerpt":{"rendered":"<p>Garantie und Kundensupport Wir sch\u00e4tzen das Vertrauen unserer Kunden und bem\u00fchen uns, maximales Vertrauen in die Qualit\u00e4t der auf unserer Website pr\u00e4sentierten Ger\u00e4te zu schaffen. 1 Jahr Herstellergarantie Alle in unserem Katalog pr\u00e4sentierten Ger\u00e4te werden von einer direkten 1-Jahres-Garantie ihrer Hersteller begleitet. Dies bedeutet, dass innerhalb von 12 Monaten ab Kaufdatum bei Auftreten von Herstellungsfehlern [&hellip;]<\/p>\n","protected":false},"author":2,"featured_media":0,"parent":0,"menu_order":0,"comment_status":"closed","ping_status":"closed","template":"","meta":{"footnotes":""},"class_list":["post-2583","page","type-page","status-publish","hentry"],"_links":{"self":[{"href":"https:\/\/keylessrepeaterbox.com\/de\/wp-json\/wp\/v2\/pages\/2583","targetHints":{"allow":["GET"]}}],"collection":[{"href":"https:\/\/keylessrepeaterbox.com\/de\/wp-json\/wp\/v2\/pages"}],"about":[{"href":"https:\/\/keylessrepeaterbox.com\/de\/wp-json\/wp\/v2\/types\/page"}],"author":[{"embeddable":true,"href":"https:\/\/keylessrepeaterbox.com\/de\/wp-json\/wp\/v2\/users\/2"}],"replies":[{"embeddable":true,"href":"https:\/\/keylessrepeaterbox.com\/de\/wp-json\/wp\/v2\/comments?post=2583"}],"version-history":[{"count":4,"href":"https:\/\/keylessrepeaterbox.com\/de\/wp-json\/wp\/v2\/pages\/2583\/revisions"}],"predecessor-version":[{"id":4267,"href":"https:\/\/keylessrepeaterbox.com\/de\/wp-json\/wp\/v2\/pages\/2583\/revisions\/4267"}],"wp:attachment":[{"href":"https:\/\/keylessrepeaterbox.com\/de\/wp-json\/wp\/v2\/media?parent=2583"}],"curies":[{"name":"wp","href":"https:\/\/api.w.org\/{rel}","templated":true}]}}