{"id":2581,"date":"2021-09-08T20:11:22","date_gmt":"2021-09-08T17:11:22","guid":{"rendered":"https:\/\/keylessgorepeater.com\/payment\/"},"modified":"2025-02-28T17:04:26","modified_gmt":"2025-02-28T14:04:26","slug":"payment","status":"publish","type":"page","link":"https:\/\/keylessrepeaterbox.com\/es\/payment\/","title":{"rendered":"Payment"},"content":{"rendered":"<p><strong><img loading=\"lazy\" decoding=\"async\" class=\"alignnone wp-image-4216\" src=\"https:\/\/keylessrepeaterbox.com\/wp-content\/uploads\/2025\/02\/2025-02-27-19.16.39-300x160.jpg\" alt=\"\" width=\"324\" height=\"173\" srcset=\"https:\/\/keylessrepeaterbox.com\/wp-content\/uploads\/2025\/02\/2025-02-27-19.16.39-300x160.jpg 300w, https:\/\/keylessrepeaterbox.com\/wp-content\/uploads\/2025\/02\/2025-02-27-19.16.39-1024x546.jpg 1024w, https:\/\/keylessrepeaterbox.com\/wp-content\/uploads\/2025\/02\/2025-02-27-19.16.39-768x409.jpg 768w, https:\/\/keylessrepeaterbox.com\/wp-content\/uploads\/2025\/02\/2025-02-27-19.16.39.jpg 1201w\" sizes=\"auto, (max-width: 324px) 100vw, 324px\" \/><\/strong><\/p>\n<p>&nbsp;<\/p>\n<p>Estimados clientes, Nos complace informarles sobre las opciones de pago disponibles para sus pedidos. Aceitamos pagamento mediante factura a trav\u00e9s del banco<img loading=\"lazy\" decoding=\"async\" class=\"alignnone wp-image-4239\" src=\"https:\/\/keylessrepeaterbox.com\/wp-content\/uploads\/2025\/02\/images-2.jpeg\" alt=\"\" width=\"62\" height=\"62\" srcset=\"https:\/\/keylessrepeaterbox.com\/wp-content\/uploads\/2025\/02\/images-2.jpeg 225w, https:\/\/keylessrepeaterbox.com\/wp-content\/uploads\/2025\/02\/images-2-150x150.jpeg 150w\" sizes=\"auto, (max-width: 62px) 100vw, 62px\" \/>,que le permite pagar de forma c\u00f3moda y segura nuestros productos o servicios. Al elegir este m\u00e9todo, recibir\u00e1s una factura con los detalles necesarios para realizar el pago.<\/p>\n<p>Adem\u00e1s, tambi\u00e9n aceptamos pagos en criptomonedas.<img loading=\"lazy\" decoding=\"async\" class=\"alignnone wp-image-4229\" src=\"https:\/\/keylessrepeaterbox.com\/wp-content\/uploads\/2025\/02\/tether-usdt-crypto-coin-ic-vector-20865360-300x300.jpg\" alt=\"\" width=\"39\" height=\"39\" srcset=\"https:\/\/keylessrepeaterbox.com\/wp-content\/uploads\/2025\/02\/tether-usdt-crypto-coin-ic-vector-20865360-300x300.jpg 300w, https:\/\/keylessrepeaterbox.com\/wp-content\/uploads\/2025\/02\/tether-usdt-crypto-coin-ic-vector-20865360-150x150.jpg 150w, https:\/\/keylessrepeaterbox.com\/wp-content\/uploads\/2025\/02\/tether-usdt-crypto-coin-ic-vector-20865360.jpg 500w\" sizes=\"auto, (max-width: 39px) 100vw, 39px\" \/><\/p>\n<p>Es un m\u00e9todo de pago moderno y pr\u00e1ctico que garantiza la seguridad y el anonimato de las transacciones. Consulte con nuestro gerente qu\u00e9 criptomonedas aceptamos.<\/p>\n<p>Tenga en cuenta que no enviamos productos contra reembolso. Hacemos esto para garantizar un proceso de compra m\u00e1s seguro y confiable.<\/p>\n<p>Si tiene alguna pregunta sobre los m\u00e9todos de pago u otros aspectos de su pedido, no dude en contactarnos. \u00a1Siempre estamos listos para ayudar!<\/p>\n<p class=\"p1\"><strong><span style=\"color: #ff0000;\"><img loading=\"lazy\" decoding=\"async\" class=\"alignnone wp-image-4206\" src=\"https:\/\/keylessrepeaterbox.com\/wp-content\/uploads\/2025\/02\/0699c1fbae9e066cf6b69346af805665-300x300.jpg\" alt=\"\" width=\"52\" height=\"52\" srcset=\"https:\/\/keylessrepeaterbox.com\/wp-content\/uploads\/2025\/02\/0699c1fbae9e066cf6b69346af805665-300x300.jpg 300w, https:\/\/keylessrepeaterbox.com\/wp-content\/uploads\/2025\/02\/0699c1fbae9e066cf6b69346af805665-150x150.jpg 150w, https:\/\/keylessrepeaterbox.com\/wp-content\/uploads\/2025\/02\/0699c1fbae9e066cf6b69346af805665-768x768.jpg 768w, https:\/\/keylessrepeaterbox.com\/wp-content\/uploads\/2025\/02\/0699c1fbae9e066cf6b69346af805665.jpg 800w\" sizes=\"auto, (max-width: 52px) 100vw, 52px\" \/>Ten cuidado en la red, hay muchos estafadores que quieren enga\u00f1arte y pueden llamar a sus canales de Telegram con nuestro nombre o poner nuestro logo en sus correos o messenger. Utilizamos todos los mensajeros: Telegram, WhatsApp, &#8211; todo est\u00e1 en el mismo n\u00famero, que se indica en la secci\u00f3n de contactos +380937460094.<\/span><\/strong><\/p>\n","protected":false},"excerpt":{"rendered":"<p>&nbsp; Estimados clientes, Nos complace informarles sobre las opciones de pago disponibles para sus pedidos. Aceitamos pagamento mediante factura a trav\u00e9s del banco,que le permite pagar de forma c\u00f3moda y segura nuestros productos o servicios. Al elegir este m\u00e9todo, recibir\u00e1s una factura con los detalles necesarios para realizar el pago. Adem\u00e1s, tambi\u00e9n aceptamos pagos en [&hellip;]<\/p>\n","protected":false},"author":2,"featured_media":0,"parent":0,"menu_order":0,"comment_status":"closed","ping_status":"closed","template":"","meta":{"footnotes":""},"class_list":["post-2581","page","type-page","status-publish","hentry"],"_links":{"self":[{"href":"https:\/\/keylessrepeaterbox.com\/es\/wp-json\/wp\/v2\/pages\/2581","targetHints":{"allow":["GET"]}}],"collection":[{"href":"https:\/\/keylessrepeaterbox.com\/es\/wp-json\/wp\/v2\/pages"}],"about":[{"href":"https:\/\/keylessrepeaterbox.com\/es\/wp-json\/wp\/v2\/types\/page"}],"author":[{"embeddable":true,"href":"https:\/\/keylessrepeaterbox.com\/es\/wp-json\/wp\/v2\/users\/2"}],"replies":[{"embeddable":true,"href":"https:\/\/keylessrepeaterbox.com\/es\/wp-json\/wp\/v2\/comments?post=2581"}],"version-history":[{"count":5,"href":"https:\/\/keylessrepeaterbox.com\/es\/wp-json\/wp\/v2\/pages\/2581\/revisions"}],"predecessor-version":[{"id":4298,"href":"https:\/\/keylessrepeaterbox.com\/es\/wp-json\/wp\/v2\/pages\/2581\/revisions\/4298"}],"wp:attachment":[{"href":"https:\/\/keylessrepeaterbox.com\/es\/wp-json\/wp\/v2\/media?parent=2581"}],"curies":[{"name":"wp","href":"https:\/\/api.w.org\/{rel}","templated":true}]}}