{"id":2587,"date":"2021-09-08T20:10:37","date_gmt":"2021-09-08T17:10:37","guid":{"rendered":"https:\/\/keylessgorepeater.com\/warranty\/"},"modified":"2025-02-28T12:40:47","modified_gmt":"2025-02-28T09:40:47","slug":"warranty","status":"publish","type":"page","link":"https:\/\/keylessrepeaterbox.com\/es\/warranty\/","title":{"rendered":"Warranty"},"content":{"rendered":"<p><img loading=\"lazy\" decoding=\"async\" class=\"alignnone wp-image-4252\" src=\"https:\/\/keylessrepeaterbox.com\/wp-content\/uploads\/2025\/02\/photo_2025-02-28-11.17.40-300x300.jpeg\" alt=\"\" width=\"217\" height=\"217\" srcset=\"https:\/\/keylessrepeaterbox.com\/wp-content\/uploads\/2025\/02\/photo_2025-02-28-11.17.40-300x300.jpeg 300w, https:\/\/keylessrepeaterbox.com\/wp-content\/uploads\/2025\/02\/photo_2025-02-28-11.17.40-150x150.jpeg 150w, https:\/\/keylessrepeaterbox.com\/wp-content\/uploads\/2025\/02\/photo_2025-02-28-11.17.40-768x768.jpeg 768w, https:\/\/keylessrepeaterbox.com\/wp-content\/uploads\/2025\/02\/photo_2025-02-28-11.17.40.jpeg 1024w\" sizes=\"auto, (max-width: 217px) 100vw, 217px\" \/><\/p>\n<p>Garant\u00eda y atenci\u00f3n al cliente<\/p>\n<p>Valoramos la confianza de nuestros clientes y nos esforzamos por ofrecer la m\u00e1xima seguridad en la calidad de los equipos presentados en nuestro sitio web.<\/p>\n<p>Garant\u00eda del fabricante de 1 a\u00f1o<\/p>\n<p>Todos los dispositivos presentados en nuestro cat\u00e1logo cuentan con una garant\u00eda directa de 1 a\u00f1o de sus fabricantes. Esto significa que, en un plazo de 12 meses a partir de la fecha de compra, si se producen defectos de fabricaci\u00f3n o aver\u00edas asociadas a un defecto de f\u00e1brica, el equipo est\u00e1 sujeto a reparaci\u00f3n o sustituci\u00f3n de acuerdo con los t\u00e9rminos del fabricante.<\/p>\n<p>Trabajamos solo con proveedores fiables y probados, lo que garantiza la originalidad y la alta calidad de cada producto.<\/p>\n<p>Espa\u00f1olQu\u00e9 incluye la garant\u00eda:<br \/>\n\u2714 Reparaci\u00f3n gratuita si se detecta un defecto de fabricaci\u00f3n<br \/>\n\u2714 Posible sustituci\u00f3n del dispositivo si no se puede reparar<br \/>\n\u2714 Contacto directo con los centros de servicio autorizados del fabricante<\/p>\n<p>Qu\u00e9 no incluye la garant\u00eda:<br \/>\n\u2718 Da\u00f1os causados \u200b\u200bpor un funcionamiento inadecuado o por no seguir las instrucciones<br \/>\n\u2718 Da\u00f1os mec\u00e1nicos resultantes de ca\u00eddas, impactos y otros factores externos<br \/>\n\u2718 Entrada de humedad, polvo o suciedad en el dispositivo, si esto no est\u00e1 previsto por las condiciones de funcionamiento<\/p>\n<p>Cuenta de cliente despu\u00e9s del servicio de garant\u00eda<\/p>\n<p>Cuidamos de cada cliente no solo durante el per\u00edodo de garant\u00eda, sino tambi\u00e9n despu\u00e9s de su vencimiento.<\/p>\n<p>Al finalizar el servicio de garant\u00eda, proporcionamos una cuenta de cliente personal que le permite:<br \/>\n\u2714 Realizar un seguimiento del historial de solicitudes de garant\u00eda y reparaciones<br \/>\n\u2714 Recibir recomendaciones personales y actualizaciones sobre el equipo<br \/>\n\u2714 Organizar el servicio postgarant\u00eda en condiciones favorables<br \/>\n\u2714 Contactar r\u00e1pidamente con el soporte t\u00e9cnico para consultas<\/p>\n<p>Nuestros especialistas siempre est\u00e1n listos para ayudarlo con cualquier pregunta relacionada con el funcionamiento y mantenimiento del equipo adquirido.<\/p>\n<p>\u00bfC\u00f3mo utilizar la garant\u00eda?<\/p>\n<p>1\ufe0f\u20e3 P\u00f3ngase en contacto con nuestro servicio de asistencia t\u00e9cnica indicando el n\u00famero de pedido y la descripci\u00f3n del problema.<br \/>\n2\ufe0f\u20e3 Le dirigiremos a un centro de servicio autorizado o concertaremos una reparaci\u00f3n o sustituci\u00f3n de acuerdo con las condiciones del fabricante.<br \/>\n3\ufe0f\u20e3 Una vez finalizada la reparaci\u00f3n en garant\u00eda, se le proporcionar\u00e1 un n\u00famero de cuenta personal para realizar m\u00e1s servicios.<\/p>\n<p>\u00a1Confiamos en la calidad de nuestros productos y estamos preparados para ofrecerle no solo un equipo fiable, sino tambi\u00e9n un alto nivel de servicio!<\/p>\n","protected":false},"excerpt":{"rendered":"<p>Garant\u00eda y atenci\u00f3n al cliente Valoramos la confianza de nuestros clientes y nos esforzamos por ofrecer la m\u00e1xima seguridad en la calidad de los equipos presentados en nuestro sitio web. Garant\u00eda del fabricante de 1 a\u00f1o Todos los dispositivos presentados en nuestro cat\u00e1logo cuentan con una garant\u00eda directa de 1 a\u00f1o de sus fabricantes. Esto [&hellip;]<\/p>\n","protected":false},"author":2,"featured_media":0,"parent":0,"menu_order":0,"comment_status":"closed","ping_status":"closed","template":"","meta":{"footnotes":""},"class_list":["post-2587","page","type-page","status-publish","hentry"],"_links":{"self":[{"href":"https:\/\/keylessrepeaterbox.com\/es\/wp-json\/wp\/v2\/pages\/2587","targetHints":{"allow":["GET"]}}],"collection":[{"href":"https:\/\/keylessrepeaterbox.com\/es\/wp-json\/wp\/v2\/pages"}],"about":[{"href":"https:\/\/keylessrepeaterbox.com\/es\/wp-json\/wp\/v2\/types\/page"}],"author":[{"embeddable":true,"href":"https:\/\/keylessrepeaterbox.com\/es\/wp-json\/wp\/v2\/users\/2"}],"replies":[{"embeddable":true,"href":"https:\/\/keylessrepeaterbox.com\/es\/wp-json\/wp\/v2\/comments?post=2587"}],"version-history":[{"count":4,"href":"https:\/\/keylessrepeaterbox.com\/es\/wp-json\/wp\/v2\/pages\/2587\/revisions"}],"predecessor-version":[{"id":4272,"href":"https:\/\/keylessrepeaterbox.com\/es\/wp-json\/wp\/v2\/pages\/2587\/revisions\/4272"}],"wp:attachment":[{"href":"https:\/\/keylessrepeaterbox.com\/es\/wp-json\/wp\/v2\/media?parent=2587"}],"curies":[{"name":"wp","href":"https:\/\/api.w.org\/{rel}","templated":true}]}}