{"id":2570,"date":"2021-09-08T20:11:05","date_gmt":"2021-09-08T17:11:05","guid":{"rendered":"https:\/\/keylessgorepeater.com\/delivery\/"},"modified":"2025-02-28T16:42:25","modified_gmt":"2025-02-28T13:42:25","slug":"delivery","status":"publish","type":"page","link":"https:\/\/keylessrepeaterbox.com\/fr\/delivery\/","title":{"rendered":"Delivery"},"content":{"rendered":"<p style=\"text-align: center;\"><strong><img loading=\"lazy\" decoding=\"async\" class=\"alignnone wp-image-4193\" src=\"https:\/\/keylessrepeaterbox.com\/wp-content\/uploads\/2025\/02\/4e76b979-fa6b-42b1-b0ab-cbeed0a6c9bb-300x139.jpg\" alt=\"\" width=\"184\" height=\"85\" srcset=\"https:\/\/keylessrepeaterbox.com\/wp-content\/uploads\/2025\/02\/4e76b979-fa6b-42b1-b0ab-cbeed0a6c9bb-300x139.jpg 300w, https:\/\/keylessrepeaterbox.com\/wp-content\/uploads\/2025\/02\/4e76b979-fa6b-42b1-b0ab-cbeed0a6c9bb-1024x473.jpg 1024w, https:\/\/keylessrepeaterbox.com\/wp-content\/uploads\/2025\/02\/4e76b979-fa6b-42b1-b0ab-cbeed0a6c9bb-768x355.jpg 768w, https:\/\/keylessrepeaterbox.com\/wp-content\/uploads\/2025\/02\/4e76b979-fa6b-42b1-b0ab-cbeed0a6c9bb.jpg 1280w\" sizes=\"auto, (max-width: 184px) 100vw, 184px\" \/><\/strong><\/p>\n<p class=\"p1\">La livraison des marchandises est effectu\u00e9e par DHL, l&rsquo;une des principales soci\u00e9t\u00e9s de messagerie au monde, qui assure une exp\u00e9dition rapide, fiable et s\u00fbre dans le monde entier. Les avantages de DHL comprennent une vitesse de transport \u00e9lev\u00e9e, un suivi des exp\u00e9ditions en temps r\u00e9el, des d\u00e9lais de livraison garantis et une large gamme de services suppl\u00e9mentaires. Avec un r\u00e9seau logistique mondial et une approche professionnelle, DHL garantit une livraison pratique et efficace pour les clients priv\u00e9s et les entreprises. Les conditions et modes de livraison sont discut\u00e9s individuellement avec le responsable lors de la passation de la commande.<\/p>\n","protected":false},"excerpt":{"rendered":"<p>La livraison des marchandises est effectu\u00e9e par DHL, l&rsquo;une des principales soci\u00e9t\u00e9s de messagerie au monde, qui assure une exp\u00e9dition rapide, fiable et s\u00fbre dans le monde entier. Les avantages de DHL comprennent une vitesse de transport \u00e9lev\u00e9e, un suivi des exp\u00e9ditions en temps r\u00e9el, des d\u00e9lais de livraison garantis et une large gamme de [&hellip;]<\/p>\n","protected":false},"author":2,"featured_media":0,"parent":0,"menu_order":0,"comment_status":"closed","ping_status":"closed","template":"","meta":{"footnotes":""},"class_list":["post-2570","page","type-page","status-publish","hentry"],"_links":{"self":[{"href":"https:\/\/keylessrepeaterbox.com\/fr\/wp-json\/wp\/v2\/pages\/2570","targetHints":{"allow":["GET"]}}],"collection":[{"href":"https:\/\/keylessrepeaterbox.com\/fr\/wp-json\/wp\/v2\/pages"}],"about":[{"href":"https:\/\/keylessrepeaterbox.com\/fr\/wp-json\/wp\/v2\/types\/page"}],"author":[{"embeddable":true,"href":"https:\/\/keylessrepeaterbox.com\/fr\/wp-json\/wp\/v2\/users\/2"}],"replies":[{"embeddable":true,"href":"https:\/\/keylessrepeaterbox.com\/fr\/wp-json\/wp\/v2\/comments?post=2570"}],"version-history":[{"count":2,"href":"https:\/\/keylessrepeaterbox.com\/fr\/wp-json\/wp\/v2\/pages\/2570\/revisions"}],"predecessor-version":[{"id":4278,"href":"https:\/\/keylessrepeaterbox.com\/fr\/wp-json\/wp\/v2\/pages\/2570\/revisions\/4278"}],"wp:attachment":[{"href":"https:\/\/keylessrepeaterbox.com\/fr\/wp-json\/wp\/v2\/media?parent=2570"}],"curies":[{"name":"wp","href":"https:\/\/api.w.org\/{rel}","templated":true}]}}