{"id":2576,"date":"2021-09-08T20:11:22","date_gmt":"2021-09-08T17:11:22","guid":{"rendered":"https:\/\/keylessgorepeater.com\/payment\/"},"modified":"2025-02-28T16:50:03","modified_gmt":"2025-02-28T13:50:03","slug":"payment","status":"publish","type":"page","link":"https:\/\/keylessrepeaterbox.com\/fr\/payment\/","title":{"rendered":"Payment"},"content":{"rendered":"<p><strong><img loading=\"lazy\" decoding=\"async\" class=\"alignnone wp-image-4216\" src=\"https:\/\/keylessrepeaterbox.com\/wp-content\/uploads\/2025\/02\/2025-02-27-19.16.39-300x160.jpg\" alt=\"\" width=\"324\" height=\"173\" srcset=\"https:\/\/keylessrepeaterbox.com\/wp-content\/uploads\/2025\/02\/2025-02-27-19.16.39-300x160.jpg 300w, https:\/\/keylessrepeaterbox.com\/wp-content\/uploads\/2025\/02\/2025-02-27-19.16.39-1024x546.jpg 1024w, https:\/\/keylessrepeaterbox.com\/wp-content\/uploads\/2025\/02\/2025-02-27-19.16.39-768x409.jpg 768w, https:\/\/keylessrepeaterbox.com\/wp-content\/uploads\/2025\/02\/2025-02-27-19.16.39.jpg 1201w\" sizes=\"auto, (max-width: 324px) 100vw, 324px\" \/><\/strong><\/p>\n<p>&nbsp;<\/p>\n<p>Chers clients,<\/p>\n<p>Nous avons le plaisir de vous informer sur les options de paiement disponibles pour vos commandes. Nous acceptons les paiements par facture via une banque,<img loading=\"lazy\" decoding=\"async\" class=\"alignnone wp-image-4239\" src=\"https:\/\/keylessrepeaterbox.com\/wp-content\/uploads\/2025\/02\/images-2.jpeg\" alt=\"\" width=\"62\" height=\"62\" srcset=\"https:\/\/keylessrepeaterbox.com\/wp-content\/uploads\/2025\/02\/images-2.jpeg 225w, https:\/\/keylessrepeaterbox.com\/wp-content\/uploads\/2025\/02\/images-2-150x150.jpeg 150w\" sizes=\"auto, (max-width: 62px) 100vw, 62px\" \/>qui vous permet de payer nos biens ou services de mani\u00e8re pratique et s\u00fbre. En choisissant ce mode, vous recevrez une facture avec les d\u00e9tails n\u00e9cessaires pour effectuer un paiement.<\/p>\n<p>De plus, nous acceptons \u00e9galement les paiements en crypto-monnaie.<img loading=\"lazy\" decoding=\"async\" class=\"alignnone wp-image-4229\" src=\"https:\/\/keylessrepeaterbox.com\/wp-content\/uploads\/2025\/02\/tether-usdt-crypto-coin-ic-vector-20865360-300x300.jpg\" alt=\"\" width=\"39\" height=\"39\" srcset=\"https:\/\/keylessrepeaterbox.com\/wp-content\/uploads\/2025\/02\/tether-usdt-crypto-coin-ic-vector-20865360-300x300.jpg 300w, https:\/\/keylessrepeaterbox.com\/wp-content\/uploads\/2025\/02\/tether-usdt-crypto-coin-ic-vector-20865360-150x150.jpg 150w, https:\/\/keylessrepeaterbox.com\/wp-content\/uploads\/2025\/02\/tether-usdt-crypto-coin-ic-vector-20865360.jpg 500w\" sizes=\"auto, (max-width: 39px) 100vw, 39px\" \/><\/p>\n<p>Il s&rsquo;agit d&rsquo;un moyen de paiement moderne et pratique qui garantit la s\u00e9curit\u00e9 et l&rsquo;anonymat des transactions. Veuillez v\u00e9rifier aupr\u00e8s de notre responsable les crypto-monnaies que nous prenons en charge.<\/p>\n<p>Veuillez noter que nous n&rsquo;envoyons pas de marchandises en contre-remboursement. Nous le faisons afin de garantir un processus d&rsquo;achat plus s\u00fbr et plus fiable.<\/p>\n<p>Si vous avez des questions sur les m\u00e9thodes de paiement ou d&rsquo;autres aspects de la commande, n&rsquo;h\u00e9sitez pas \u00e0 nous contacter. Nous sommes toujours pr\u00eats \u00e0 vous aider !<\/p>\n<p><strong><span style=\"color: #ff0000;\"><img loading=\"lazy\" decoding=\"async\" class=\"alignnone wp-image-4206\" src=\"https:\/\/keylessrepeaterbox.com\/wp-content\/uploads\/2025\/02\/0699c1fbae9e066cf6b69346af805665-300x300.jpg\" alt=\"\" width=\"52\" height=\"52\" srcset=\"https:\/\/keylessrepeaterbox.com\/wp-content\/uploads\/2025\/02\/0699c1fbae9e066cf6b69346af805665-300x300.jpg 300w, https:\/\/keylessrepeaterbox.com\/wp-content\/uploads\/2025\/02\/0699c1fbae9e066cf6b69346af805665-150x150.jpg 150w, https:\/\/keylessrepeaterbox.com\/wp-content\/uploads\/2025\/02\/0699c1fbae9e066cf6b69346af805665-768x768.jpg 768w, https:\/\/keylessrepeaterbox.com\/wp-content\/uploads\/2025\/02\/0699c1fbae9e066cf6b69346af805665.jpg 800w\" sizes=\"auto, (max-width: 52px) 100vw, 52px\" \/>Soyez prudent sur le r\u00e9seau, il existe de nombreux arnaqueurs qui veulent vous tromper, et peuvent appeler leurs cha\u00eenes Telegram notre nom, ou mettre notre logo sur leur courrier ou dans la messagerie. Nous utilisons toutes les messageries : Telegram, WhatsApp, &#8211; tout est sur le m\u00eame num\u00e9ro, qui est indiqu\u00e9 dans la section contacts +380937460094.<\/span><\/strong><\/p>\n","protected":false},"excerpt":{"rendered":"<p>&nbsp; Chers clients, Nous avons le plaisir de vous informer sur les options de paiement disponibles pour vos commandes. Nous acceptons les paiements par facture via une banque,qui vous permet de payer nos biens ou services de mani\u00e8re pratique et s\u00fbre. En choisissant ce mode, vous recevrez une facture avec les d\u00e9tails n\u00e9cessaires pour effectuer [&hellip;]<\/p>\n","protected":false},"author":2,"featured_media":0,"parent":0,"menu_order":0,"comment_status":"closed","ping_status":"closed","template":"","meta":{"footnotes":""},"class_list":["post-2576","page","type-page","status-publish","hentry"],"_links":{"self":[{"href":"https:\/\/keylessrepeaterbox.com\/fr\/wp-json\/wp\/v2\/pages\/2576","targetHints":{"allow":["GET"]}}],"collection":[{"href":"https:\/\/keylessrepeaterbox.com\/fr\/wp-json\/wp\/v2\/pages"}],"about":[{"href":"https:\/\/keylessrepeaterbox.com\/fr\/wp-json\/wp\/v2\/types\/page"}],"author":[{"embeddable":true,"href":"https:\/\/keylessrepeaterbox.com\/fr\/wp-json\/wp\/v2\/users\/2"}],"replies":[{"embeddable":true,"href":"https:\/\/keylessrepeaterbox.com\/fr\/wp-json\/wp\/v2\/comments?post=2576"}],"version-history":[{"count":7,"href":"https:\/\/keylessrepeaterbox.com\/fr\/wp-json\/wp\/v2\/pages\/2576\/revisions"}],"predecessor-version":[{"id":4288,"href":"https:\/\/keylessrepeaterbox.com\/fr\/wp-json\/wp\/v2\/pages\/2576\/revisions\/4288"}],"wp:attachment":[{"href":"https:\/\/keylessrepeaterbox.com\/fr\/wp-json\/wp\/v2\/media?parent=2576"}],"curies":[{"name":"wp","href":"https:\/\/api.w.org\/{rel}","templated":true}]}}