{"id":2582,"date":"2021-09-08T20:10:37","date_gmt":"2021-09-08T17:10:37","guid":{"rendered":"https:\/\/keylessgorepeater.com\/warranty\/"},"modified":"2025-02-28T12:32:40","modified_gmt":"2025-02-28T09:32:40","slug":"warranty","status":"publish","type":"page","link":"https:\/\/keylessrepeaterbox.com\/fr\/warranty\/","title":{"rendered":"Warranty"},"content":{"rendered":"<p><img loading=\"lazy\" decoding=\"async\" class=\"alignnone wp-image-4252\" src=\"https:\/\/keylessrepeaterbox.com\/wp-content\/uploads\/2025\/02\/photo_2025-02-28-11.17.40-300x300.jpeg\" alt=\"\" width=\"217\" height=\"217\" srcset=\"https:\/\/keylessrepeaterbox.com\/wp-content\/uploads\/2025\/02\/photo_2025-02-28-11.17.40-300x300.jpeg 300w, https:\/\/keylessrepeaterbox.com\/wp-content\/uploads\/2025\/02\/photo_2025-02-28-11.17.40-150x150.jpeg 150w, https:\/\/keylessrepeaterbox.com\/wp-content\/uploads\/2025\/02\/photo_2025-02-28-11.17.40-768x768.jpeg 768w, https:\/\/keylessrepeaterbox.com\/wp-content\/uploads\/2025\/02\/photo_2025-02-28-11.17.40.jpeg 1024w\" sizes=\"auto, (max-width: 217px) 100vw, 217px\" \/><\/p>\n<p>Garantie et assistance client<\/p>\n<p>Nous appr\u00e9cions la confiance de nos clients et nous effor\u00e7ons de leur offrir une confiance maximale dans la qualit\u00e9 des \u00e9quipements pr\u00e9sent\u00e9s sur notre site Web.<\/p>\n<p>Garantie constructeur d&rsquo;un an<\/p>\n<p>Tous les appareils pr\u00e9sent\u00e9s dans notre catalogue sont accompagn\u00e9s d&rsquo;une garantie directe d&rsquo;un an de leurs fabricants. Cela signifie que dans les 12 mois suivant la date d&rsquo;achat, si des d\u00e9fauts de fabrication ou des dysfonctionnements li\u00e9s \u00e0 un d\u00e9faut d&rsquo;usine surviennent, l&rsquo;\u00e9quipement est soumis \u00e0 r\u00e9paration ou remplacement conform\u00e9ment aux conditions du fabricant.<\/p>\n<p>Nous travaillons uniquement avec des fournisseurs fiables et \u00e9prouv\u00e9s, ce qui garantit l&rsquo;originalit\u00e9 et la haute qualit\u00e9 de chaque produit.<\/p>\n<p>Fran\u00e7aisCe que comprend la garantie :<br \/>\n\u2714 R\u00e9paration gratuite si un d\u00e9faut de fabrication est d\u00e9tect\u00e9<br \/>\n\u2714 Remplacement possible de l&rsquo;appareil s&rsquo;il ne peut pas \u00eatre r\u00e9par\u00e9<br \/>\n\u2714 Contact direct avec les centres de service agr\u00e9\u00e9s du fabricant<\/p>\n<p>Ce que ne comprend pas la garantie :<br \/>\n\u2718 Dommages caus\u00e9s par une mauvaise utilisation ou le non-respect des instructions<br \/>\n\u2718 Dommages m\u00e9caniques r\u00e9sultant de chutes, d&rsquo;impacts et d&rsquo;autres facteurs externes<br \/>\n\u2718 P\u00e9n\u00e9tration d&rsquo;humidit\u00e9, de poussi\u00e8re ou de salet\u00e9 dans l&rsquo;appareil, si cela n&rsquo;est pas pr\u00e9vu par les conditions de fonctionnement<\/p>\n<p>Compte client apr\u00e8s le service de garantie<\/p>\n<p>Nous prenons soin de chaque client non seulement pendant la p\u00e9riode de garantie, mais aussi apr\u00e8s son expiration.<\/p>\n<p>Une fois le service de garantie termin\u00e9, nous fournissons un compte client personnel qui vous permet de :<br \/>\n\u2714 Suivre l&rsquo;historique des demandes de garantie et des r\u00e9parations<br \/>\n\u2714 Recevoir des recommandations et des mises \u00e0 jour personnelles sur l&rsquo;\u00e9quipement<br \/>\n\u2714 Organiser un service apr\u00e8s-garantie \u00e0 des conditions avantageuses<br \/>\n\u2714 Contacter rapidement le support technique pour des consultations<\/p>\n<p>Nos sp\u00e9cialistes sont toujours pr\u00eats \u00e0 vous aider pour toute question relative au fonctionnement et \u00e0 la maintenance de l&rsquo;\u00e9quipement achet\u00e9.<\/p>\n<p>Comment utiliser la garantie ?<\/p>\n<p>1\ufe0f\u20e3 Contactez notre service d&rsquo;assistance en indiquant le num\u00e9ro de commande et la description du probl\u00e8me.<br \/>\n2\ufe0f\u20e3 Nous vous orienterons vers un centre de service agr\u00e9\u00e9 ou organiserons la r\u00e9paration\/le remplacement conform\u00e9ment aux conditions du fabricant.<br \/>\n3\ufe0f\u20e3 Une fois la r\u00e9paration sous garantie termin\u00e9e, un num\u00e9ro de compte personnel vous sera fourni pour un service ult\u00e9rieur.<\/p>\n<p>Nous sommes confiants dans la qualit\u00e9 de nos produits et sommes pr\u00eats \u00e0 vous offrir non seulement un \u00e9quipement fiable, mais \u00e9galement un niveau de service \u00e9lev\u00e9\u00a0!<\/p>\n","protected":false},"excerpt":{"rendered":"<p>Garantie et assistance client Nous appr\u00e9cions la confiance de nos clients et nous effor\u00e7ons de leur offrir une confiance maximale dans la qualit\u00e9 des \u00e9quipements pr\u00e9sent\u00e9s sur notre site Web. Garantie constructeur d&rsquo;un an Tous les appareils pr\u00e9sent\u00e9s dans notre catalogue sont accompagn\u00e9s d&rsquo;une garantie directe d&rsquo;un an de leurs fabricants. Cela signifie que dans [&hellip;]<\/p>\n","protected":false},"author":2,"featured_media":0,"parent":0,"menu_order":0,"comment_status":"closed","ping_status":"closed","template":"","meta":{"footnotes":""},"class_list":["post-2582","page","type-page","status-publish","hentry"],"_links":{"self":[{"href":"https:\/\/keylessrepeaterbox.com\/fr\/wp-json\/wp\/v2\/pages\/2582","targetHints":{"allow":["GET"]}}],"collection":[{"href":"https:\/\/keylessrepeaterbox.com\/fr\/wp-json\/wp\/v2\/pages"}],"about":[{"href":"https:\/\/keylessrepeaterbox.com\/fr\/wp-json\/wp\/v2\/types\/page"}],"author":[{"embeddable":true,"href":"https:\/\/keylessrepeaterbox.com\/fr\/wp-json\/wp\/v2\/users\/2"}],"replies":[{"embeddable":true,"href":"https:\/\/keylessrepeaterbox.com\/fr\/wp-json\/wp\/v2\/comments?post=2582"}],"version-history":[{"count":4,"href":"https:\/\/keylessrepeaterbox.com\/fr\/wp-json\/wp\/v2\/pages\/2582\/revisions"}],"predecessor-version":[{"id":4266,"href":"https:\/\/keylessrepeaterbox.com\/fr\/wp-json\/wp\/v2\/pages\/2582\/revisions\/4266"}],"wp:attachment":[{"href":"https:\/\/keylessrepeaterbox.com\/fr\/wp-json\/wp\/v2\/media?parent=2582"}],"curies":[{"name":"wp","href":"https:\/\/api.w.org\/{rel}","templated":true}]}}