{"id":2584,"date":"2021-09-08T20:10:37","date_gmt":"2021-09-08T17:10:37","guid":{"rendered":"https:\/\/keylessgorepeater.com\/warranty\/"},"modified":"2025-02-28T12:34:00","modified_gmt":"2025-02-28T09:34:00","slug":"warranty","status":"publish","type":"page","link":"https:\/\/keylessrepeaterbox.com\/it\/warranty\/","title":{"rendered":"Warranty"},"content":{"rendered":"<p><img loading=\"lazy\" decoding=\"async\" class=\"alignnone wp-image-4252\" src=\"https:\/\/keylessrepeaterbox.com\/wp-content\/uploads\/2025\/02\/photo_2025-02-28-11.17.40-300x300.jpeg\" alt=\"\" width=\"217\" height=\"217\" srcset=\"https:\/\/keylessrepeaterbox.com\/wp-content\/uploads\/2025\/02\/photo_2025-02-28-11.17.40-300x300.jpeg 300w, https:\/\/keylessrepeaterbox.com\/wp-content\/uploads\/2025\/02\/photo_2025-02-28-11.17.40-150x150.jpeg 150w, https:\/\/keylessrepeaterbox.com\/wp-content\/uploads\/2025\/02\/photo_2025-02-28-11.17.40-768x768.jpeg 768w, https:\/\/keylessrepeaterbox.com\/wp-content\/uploads\/2025\/02\/photo_2025-02-28-11.17.40.jpeg 1024w\" sizes=\"auto, (max-width: 217px) 100vw, 217px\" \/><\/p>\n<p>Garanzia e assistenza clienti<\/p>\n<p>Apprezziamo la fiducia dei nostri clienti e ci impegniamo a fornire la massima fiducia nella qualit\u00e0 delle apparecchiature presentate sul nostro sito Web.<\/p>\n<p>Garanzia del produttore di 1 anno<\/p>\n<p>Tutti i dispositivi presentati nel nostro catalogo sono accompagnati da una garanzia diretta di 1 anno dai rispettivi produttori. Ci\u00f2 significa che entro 12 mesi dalla data di acquisto, se si verificano difetti di fabbricazione o malfunzionamenti associati a un difetto di fabbrica, l&#8217;apparecchiatura \u00e8 soggetta a riparazione o sostituzione in conformit\u00e0 con i termini del produttore.<\/p>\n<p>Lavoriamo solo con fornitori affidabili e comprovati, il che garantisce l&#8217;originalit\u00e0 e l&#8217;alta qualit\u00e0 di ogni prodotto.<\/p>\n<p>Cosa include la garanzia:<br \/>\n\u2714 Riparazione gratuita se viene rilevato un difetto di fabbricazione<br \/>\n\u2714 Possibile sostituzione del dispositivo se non pu\u00f2 essere riparato<br \/>\n\u2714 Contatto diretto con i centri di assistenza autorizzati dal produttore<\/p>\n<p>Cosa non include la garanzia:<br \/>\n\u2718 Danni causati da un funzionamento improprio o dal mancato rispetto delle istruzioni<br \/>\n\u2718 Danni meccanici derivanti da cadute, urti e altri fattori esterni<br \/>\n\u2718 Ingresso di umidit\u00e0, polvere o sporcizia nel dispositivo, se ci\u00f2 non \u00e8 previsto dalle condizioni operative<\/p>\n<p>Account cliente dopo il servizio di garanzia<\/p>\n<p>Ci prendiamo cura di ogni cliente non solo durante il periodo di garanzia, ma anche dopo la sua scadenza.<\/p>\n<p>Al termine del servizio di garanzia, forniamo un account cliente personale che ti consente di:<br \/>\n\u2714 Monitorare la cronologia delle richieste di garanzia e delle riparazioni<br \/>\n\u2714 Ricevere consigli e aggiornamenti personali sull&#8217;attrezzatura<br \/>\n\u2714 Organizzare un servizio post-garanzia a condizioni favorevoli<br \/>\n\u2714 Contattare rapidamente l&#8217;assistenza tecnica per le consulenze<\/p>\n<p>I nostri specialisti sono sempre pronti ad aiutarti con qualsiasi domanda relativa al funzionamento e alla manutenzione dell&#8217;attrezzatura acquistata.<\/p>\n<p>Come utilizzare la garanzia?<\/p>\n<p>1\ufe0f\u20e3 Contatta il nostro servizio di assistenza, indicando il numero dell&#8217;ordine e la descrizione del problema.<br \/>\n2\ufe0f\u20e3 Ti indirizzeremo a un centro di assistenza autorizzato o organizzeremo la riparazione\/sostituzione in conformit\u00e0 con i termini del produttore.<br \/>\n3\ufe0f\u20e3 Dopo la fine della riparazione in garanzia, ti verr\u00e0 fornito un numero di conto personale per ulteriore assistenza.<\/p>\n<p>Siamo fiduciosi nella qualit\u00e0 dei nostri prodotti e siamo pronti a offrirti non solo attrezzature affidabili, ma anche un elevato livello di servizio!<\/p>\n","protected":false},"excerpt":{"rendered":"<p>Garanzia e assistenza clienti Apprezziamo la fiducia dei nostri clienti e ci impegniamo a fornire la massima fiducia nella qualit\u00e0 delle apparecchiature presentate sul nostro sito Web. Garanzia del produttore di 1 anno Tutti i dispositivi presentati nel nostro catalogo sono accompagnati da una garanzia diretta di 1 anno dai rispettivi produttori. Ci\u00f2 significa che [&hellip;]<\/p>\n","protected":false},"author":2,"featured_media":0,"parent":0,"menu_order":0,"comment_status":"closed","ping_status":"closed","template":"","meta":{"footnotes":""},"class_list":["post-2584","page","type-page","status-publish","hentry"],"_links":{"self":[{"href":"https:\/\/keylessrepeaterbox.com\/it\/wp-json\/wp\/v2\/pages\/2584","targetHints":{"allow":["GET"]}}],"collection":[{"href":"https:\/\/keylessrepeaterbox.com\/it\/wp-json\/wp\/v2\/pages"}],"about":[{"href":"https:\/\/keylessrepeaterbox.com\/it\/wp-json\/wp\/v2\/types\/page"}],"author":[{"embeddable":true,"href":"https:\/\/keylessrepeaterbox.com\/it\/wp-json\/wp\/v2\/users\/2"}],"replies":[{"embeddable":true,"href":"https:\/\/keylessrepeaterbox.com\/it\/wp-json\/wp\/v2\/comments?post=2584"}],"version-history":[{"count":4,"href":"https:\/\/keylessrepeaterbox.com\/it\/wp-json\/wp\/v2\/pages\/2584\/revisions"}],"predecessor-version":[{"id":4268,"href":"https:\/\/keylessrepeaterbox.com\/it\/wp-json\/wp\/v2\/pages\/2584\/revisions\/4268"}],"wp:attachment":[{"href":"https:\/\/keylessrepeaterbox.com\/it\/wp-json\/wp\/v2\/media?parent=2584"}],"curies":[{"name":"wp","href":"https:\/\/api.w.org\/{rel}","templated":true}]}}