{"id":2566,"date":"2020-12-04T00:48:54","date_gmt":"2020-12-03T21:48:54","guid":{"rendered":"https:\/\/keylessgorepeater.com\/contacts\/"},"modified":"2026-03-29T16:40:38","modified_gmt":"2026-03-29T13:40:38","slug":"contacts","status":"publish","type":"page","link":"https:\/\/keylessrepeaterbox.com\/pl\/contacts\/","title":{"rendered":"Contacts"},"content":{"rendered":"\r\n<p>Poniewa\u017c klony naszych kont pojawi\u0142y si\u0119 w Telegramie, prosimy o zachowanie szczeg\u00f3lnej ostro\u017cno\u015bci podczas pisania do nas. Zawsze sprawdzaj numer telefonu, nigdy go nie ukrywamy.<\/p>\r\n\r\n\r\n\r\n<p>Wszystkie opcje kontaktu z nami i pozostawania w kontakcie znajduj\u0105 si\u0119 poni\u017cej.<\/p>\r\n\r\n\r\n\r\n<p>Prosimy o zachowanie ostro\u017cno\u015bci i zawsze sprawdzanie numeru telefonu w Telegramie i WhatsApp. W razie w\u0105tpliwo\u015bci prosimy o kontakt e-mailowy lub za po\u015brednictwem formularza na stronie internetowej.<\/p>\r\n\r\n\r\n\r\n<p>Mo\u017cesz r\u00f3wnie\u017c wype\u0142ni\u0107 poni\u017cszy formularz!<\/p>\r\n\r\n\r\n\r\n<h2 class=\"wp-block-heading\">Telegram<\/h2>\r\n\r\n\r\n\r\n<p><strong>Number<\/strong>: <a href=\"tel:+380937460094\">+380937460094<\/a><\/p>\r\n\r\n\r\n\r\n<p><strong>Write us<\/strong>: <a href=\"https:\/\/t.me\/Keylessrepeaterbox   \">https:\/\/t.me\/Keylessrepeaterbox<\/a><\/p>\r\n\r\n\r\n\r\n<p><strong>Channel<\/strong>: <a href=\"https:\/\/t.me\/joinchat\/yxQJcS6puZllNTky\">https:\/\/t.me\/joinchat\/yxQJcS6puZllNTky<\/a><\/p>\r\n\r\n\r\n\r\n<p>Aby skontaktowa\u0107 si\u0119 z nami na Telegramie, mo\u017cesz u\u017cy\u0107 numeru telefonu, linku lub zeskanowa\u0107 kod QR. Nasz kana\u0142 Telegram, na kt\u00f3rym mo\u017cesz dowiedzie\u0107 si\u0119, jakie mamy nowo\u015bci, zobaczy\u0107 testy sprz\u0119tu, dowiedzie\u0107 si\u0119 o nowych promocjach na towary itp. Uwaga w Telegramie s\u0105 klony naszego kana\u0142u!<\/p>\r\n\r\n\r\n\r\n<p class=\"has-text-align-left\"><strong>Telegram QR Code<\/strong>:<\/p>\r\n\r\n\r\n<div class=\"wp-block-image\">\r\n<figure class=\"aligncenter size-large is-resized\"><img loading=\"lazy\" decoding=\"async\" width=\"720\" height=\"1024\" class=\"wp-image-3150\" style=\"width: 270px; height: auto;\" src=\"https:\/\/keylessrepeaterbox.com\/wp-content\/uploads\/2024\/12\/IMG_7595-1-720x1024.jpg\" alt=\"\" srcset=\"https:\/\/keylessrepeaterbox.com\/wp-content\/uploads\/2024\/12\/IMG_7595-1-720x1024.jpg 720w, https:\/\/keylessrepeaterbox.com\/wp-content\/uploads\/2024\/12\/IMG_7595-1-211x300.jpg 211w, https:\/\/keylessrepeaterbox.com\/wp-content\/uploads\/2024\/12\/IMG_7595-1.jpg 738w\" sizes=\"auto, (max-width: 720px) 100vw, 720px\" \/><\/figure>\r\n<\/div>\r\n\r\n\r\n<h2 class=\"wp-block-heading has-text-align-left\">WhatsApp<\/h2>\r\n\r\n\r\n\r\n<p class=\"has-text-align-left\"><strong>Number<\/strong>: <a href=\"tel:+380937460094\">+380937460094<\/a><\/p>\r\n\r\n\r\n\r\n<p><strong>Link<\/strong>: <a href=\"https:\/\/wa.me\/message\/ZR5RACMYX43ZM1\">https:\/\/wa.me\/message\/ZR5RACMYX43ZM1<\/a> or <a href=\"https:\/\/wa.me\/380937460094\">https:\/\/wa.me\/380937460094<\/a><\/p>\r\n\r\n\r\n\r\n<p>Aby skontaktowa\u0107 si\u0119 z nami przez WhatsApp, mo\u017cesz skorzysta\u0107 z numeru telefonu, linku lub zeskanowa\u0107 kod QR.<\/p>\r\n\r\n\r\n\r\n<p class=\"has-text-align-left\"><strong>WhatsApp QR Code<\/strong>:<\/p>\r\n\r\n\r\n<div class=\"wp-block-image\">\r\n<figure class=\"aligncenter size-large is-resized\"><img loading=\"lazy\" decoding=\"async\" width=\"963\" height=\"1024\" class=\"wp-image-3157\" style=\"width: 303px; height: auto;\" src=\"https:\/\/keylessrepeaterbox.com\/wp-content\/uploads\/2024\/12\/IMG_7593-1-963x1024.jpg\" alt=\"\" srcset=\"https:\/\/keylessrepeaterbox.com\/wp-content\/uploads\/2024\/12\/IMG_7593-1-963x1024.jpg 963w, https:\/\/keylessrepeaterbox.com\/wp-content\/uploads\/2024\/12\/IMG_7593-1-282x300.jpg 282w, https:\/\/keylessrepeaterbox.com\/wp-content\/uploads\/2024\/12\/IMG_7593-1-768x817.jpg 768w, https:\/\/keylessrepeaterbox.com\/wp-content\/uploads\/2024\/12\/IMG_7593-1.jpg 1107w\" sizes=\"auto, (max-width: 963px) 100vw, 963px\" \/><\/figure>\r\n<\/div>\r\n\r\n\r\n<h2 class=\"wp-block-heading has-text-align-left\">VIBER<\/h2>\r\n\r\n\r\n\r\n<p><strong>Number<\/strong> <a href=\"tel:+380937460094\">+380937460094<\/a><\/p>\r\n\r\n\r\n\r\n<p><strong>Link<\/strong>: <a href=\"https:\/\/connect.viber.com\/business\/a0589cf0-b1ae-11ef-be06-529ef1413d00\">https:\/\/connect.viber.com\/business\/a0589cf0-b1ae-11ef-be06-529ef1413d00<\/a><\/p>\r\n\r\n\r\n\r\n<p>To contact us on Viber, you can use the phone number, link or scan QR code.<\/p>\r\n\r\n\r\n\r\n<p class=\"has-text-align-left\"><strong>Viber QR<\/strong> <strong>Code<\/strong>:<\/p>\r\n\r\n\r\n<div class=\"wp-block-image\">\r\n<figure class=\"aligncenter size-large is-resized\"><img loading=\"lazy\" decoding=\"async\" width=\"986\" height=\"1024\" class=\"wp-image-3172\" style=\"width: 314px; height: auto;\" src=\"https:\/\/keylessrepeaterbox.com\/wp-content\/uploads\/2024\/12\/IMG_7591-1-986x1024.jpg\" alt=\"\" srcset=\"https:\/\/keylessrepeaterbox.com\/wp-content\/uploads\/2024\/12\/IMG_7591-1-986x1024.jpg 986w, https:\/\/keylessrepeaterbox.com\/wp-content\/uploads\/2024\/12\/IMG_7591-1-289x300.jpg 289w, https:\/\/keylessrepeaterbox.com\/wp-content\/uploads\/2024\/12\/IMG_7591-1-768x797.jpg 768w, https:\/\/keylessrepeaterbox.com\/wp-content\/uploads\/2024\/12\/IMG_7591-1.jpg 1179w\" sizes=\"auto, (max-width: 986px) 100vw, 986px\" \/><\/figure>\r\n<\/div>\r\n\r\n\r\n<h2 class=\"wp-block-heading\">TikTok<\/h2>\r\n\r\n\r\n\r\n<p><strong>TikTok QR Code<\/strong>:<\/p>\r\n\r\n\r\n<div class=\"wp-block-image\">\r\n<figure class=\"aligncenter size-large is-resized\"><img loading=\"lazy\" decoding=\"async\" class=\"alignnone wp-image-4737 size-medium\" style=\"width: 254px; height: auto;\" src=\"https:\/\/keylessrepeaterbox.com\/wp-content\/uploads\/2026\/03\/TIK-TOK-266x300.jpg\" alt=\"\" width=\"266\" height=\"300\" srcset=\"https:\/\/keylessrepeaterbox.com\/wp-content\/uploads\/2026\/03\/TIK-TOK-266x300.jpg 266w, https:\/\/keylessrepeaterbox.com\/wp-content\/uploads\/2026\/03\/TIK-TOK-907x1024.jpg 907w, https:\/\/keylessrepeaterbox.com\/wp-content\/uploads\/2026\/03\/TIK-TOK-768x867.jpg 768w, https:\/\/keylessrepeaterbox.com\/wp-content\/uploads\/2026\/03\/TIK-TOK.jpg 1179w\" sizes=\"auto, (max-width: 266px) 100vw, 266px\" \/><\/figure>\r\n<\/div>\r\n\r\n\r\n<p class=\"has-text-align-left has-medium-font-size\">\u00a0<\/p>\r\n\r\n\r\n\r\n<p class=\"has-text-align-center\">\u00a0<\/p>\r\n","protected":false},"excerpt":{"rendered":"<p>Poniewa\u017c klony naszych kont pojawi\u0142y si\u0119 w Telegramie, prosimy o zachowanie szczeg\u00f3lnej ostro\u017cno\u015bci podczas pisania do nas. Zawsze sprawdzaj numer telefonu, nigdy go nie ukrywamy. Wszystkie opcje kontaktu z nami i pozostawania w kontakcie znajduj\u0105 si\u0119 poni\u017cej. Prosimy o zachowanie ostro\u017cno\u015bci i zawsze sprawdzanie numeru telefonu w Telegramie i WhatsApp. W razie w\u0105tpliwo\u015bci prosimy o [&hellip;]<\/p>\n","protected":false},"author":2,"featured_media":0,"parent":0,"menu_order":0,"comment_status":"closed","ping_status":"closed","template":"template-pages\/contact-us.php","meta":{"footnotes":""},"class_list":["post-2566","page","type-page","status-publish","hentry"],"_links":{"self":[{"href":"https:\/\/keylessrepeaterbox.com\/pl\/wp-json\/wp\/v2\/pages\/2566","targetHints":{"allow":["GET"]}}],"collection":[{"href":"https:\/\/keylessrepeaterbox.com\/pl\/wp-json\/wp\/v2\/pages"}],"about":[{"href":"https:\/\/keylessrepeaterbox.com\/pl\/wp-json\/wp\/v2\/types\/page"}],"author":[{"embeddable":true,"href":"https:\/\/keylessrepeaterbox.com\/pl\/wp-json\/wp\/v2\/users\/2"}],"replies":[{"embeddable":true,"href":"https:\/\/keylessrepeaterbox.com\/pl\/wp-json\/wp\/v2\/comments?post=2566"}],"version-history":[{"count":16,"href":"https:\/\/keylessrepeaterbox.com\/pl\/wp-json\/wp\/v2\/pages\/2566\/revisions"}],"predecessor-version":[{"id":4745,"href":"https:\/\/keylessrepeaterbox.com\/pl\/wp-json\/wp\/v2\/pages\/2566\/revisions\/4745"}],"wp:attachment":[{"href":"https:\/\/keylessrepeaterbox.com\/pl\/wp-json\/wp\/v2\/media?parent=2566"}],"curies":[{"name":"wp","href":"https:\/\/api.w.org\/{rel}","templated":true}]}}