{"id":2573,"date":"2021-09-08T20:11:05","date_gmt":"2021-09-08T17:11:05","guid":{"rendered":"https:\/\/keylessgorepeater.com\/delivery\/"},"modified":"2025-02-28T16:44:15","modified_gmt":"2025-02-28T13:44:15","slug":"delivery","status":"publish","type":"page","link":"https:\/\/keylessrepeaterbox.com\/pl\/delivery\/","title":{"rendered":"Delivery"},"content":{"rendered":"<p style=\"text-align: center;\"><strong><img loading=\"lazy\" decoding=\"async\" class=\"alignnone wp-image-4193\" src=\"https:\/\/keylessrepeaterbox.com\/wp-content\/uploads\/2025\/02\/4e76b979-fa6b-42b1-b0ab-cbeed0a6c9bb-300x139.jpg\" alt=\"\" width=\"184\" height=\"85\" srcset=\"https:\/\/keylessrepeaterbox.com\/wp-content\/uploads\/2025\/02\/4e76b979-fa6b-42b1-b0ab-cbeed0a6c9bb-300x139.jpg 300w, https:\/\/keylessrepeaterbox.com\/wp-content\/uploads\/2025\/02\/4e76b979-fa6b-42b1-b0ab-cbeed0a6c9bb-1024x473.jpg 1024w, https:\/\/keylessrepeaterbox.com\/wp-content\/uploads\/2025\/02\/4e76b979-fa6b-42b1-b0ab-cbeed0a6c9bb-768x355.jpg 768w, https:\/\/keylessrepeaterbox.com\/wp-content\/uploads\/2025\/02\/4e76b979-fa6b-42b1-b0ab-cbeed0a6c9bb.jpg 1280w\" sizes=\"auto, (max-width: 184px) 100vw, 184px\" \/><\/strong><\/p>\n<p class=\"p1\">Dostawa towar\u00f3w jest realizowana przez DHL, jedn\u0105 z wiod\u0105cych na \u015bwiecie firm kurierskich, zapewniaj\u0105c\u0105 szybk\u0105, niezawodn\u0105 i bezpieczn\u0105 wysy\u0142k\u0119 na ca\u0142ym \u015bwiecie. Zalety DHL obejmuj\u0105 du\u017c\u0105 pr\u0119dko\u015b\u0107 transportu, \u015bledzenie przesy\u0142ek w czasie rzeczywistym, gwarantowane czasy dostawy i szeroki zakres us\u0142ug dodatkowych. Dzi\u0119ki globalnej sieci logistycznej i profesjonalnemu podej\u015bciu DHL zapewnia wygodn\u0105 i wydajn\u0105 dostaw\u0119 zar\u00f3wno dla klient\u00f3w indywidualnych, jak i firm. Warunki i metody dostawy s\u0105 omawiane indywidualnie z mened\u017cerem podczas sk\u0142adania zam\u00f3wienia.<\/p>\n","protected":false},"excerpt":{"rendered":"<p>Dostawa towar\u00f3w jest realizowana przez DHL, jedn\u0105 z wiod\u0105cych na \u015bwiecie firm kurierskich, zapewniaj\u0105c\u0105 szybk\u0105, niezawodn\u0105 i bezpieczn\u0105 wysy\u0142k\u0119 na ca\u0142ym \u015bwiecie. Zalety DHL obejmuj\u0105 du\u017c\u0105 pr\u0119dko\u015b\u0107 transportu, \u015bledzenie przesy\u0142ek w czasie rzeczywistym, gwarantowane czasy dostawy i szeroki zakres us\u0142ug dodatkowych. Dzi\u0119ki globalnej sieci logistycznej i profesjonalnemu podej\u015bciu DHL zapewnia wygodn\u0105 i wydajn\u0105 dostaw\u0119 zar\u00f3wno [&hellip;]<\/p>\n","protected":false},"author":2,"featured_media":0,"parent":0,"menu_order":0,"comment_status":"closed","ping_status":"closed","template":"","meta":{"footnotes":""},"class_list":["post-2573","page","type-page","status-publish","hentry"],"_links":{"self":[{"href":"https:\/\/keylessrepeaterbox.com\/pl\/wp-json\/wp\/v2\/pages\/2573","targetHints":{"allow":["GET"]}}],"collection":[{"href":"https:\/\/keylessrepeaterbox.com\/pl\/wp-json\/wp\/v2\/pages"}],"about":[{"href":"https:\/\/keylessrepeaterbox.com\/pl\/wp-json\/wp\/v2\/types\/page"}],"author":[{"embeddable":true,"href":"https:\/\/keylessrepeaterbox.com\/pl\/wp-json\/wp\/v2\/users\/2"}],"replies":[{"embeddable":true,"href":"https:\/\/keylessrepeaterbox.com\/pl\/wp-json\/wp\/v2\/comments?post=2573"}],"version-history":[{"count":3,"href":"https:\/\/keylessrepeaterbox.com\/pl\/wp-json\/wp\/v2\/pages\/2573\/revisions"}],"predecessor-version":[{"id":4281,"href":"https:\/\/keylessrepeaterbox.com\/pl\/wp-json\/wp\/v2\/pages\/2573\/revisions\/4281"}],"wp:attachment":[{"href":"https:\/\/keylessrepeaterbox.com\/pl\/wp-json\/wp\/v2\/media?parent=2573"}],"curies":[{"name":"wp","href":"https:\/\/api.w.org\/{rel}","templated":true}]}}