{"id":2579,"date":"2021-09-08T20:11:22","date_gmt":"2021-09-08T17:11:22","guid":{"rendered":"https:\/\/keylessgorepeater.com\/payment\/"},"modified":"2025-02-28T17:11:30","modified_gmt":"2025-02-28T14:11:30","slug":"payment","status":"publish","type":"page","link":"https:\/\/keylessrepeaterbox.com\/pl\/payment\/","title":{"rendered":"Payment"},"content":{"rendered":"<p><img loading=\"lazy\" decoding=\"async\" class=\"alignnone size-medium wp-image-4220\" src=\"https:\/\/keylessrepeaterbox.com\/wp-content\/uploads\/2025\/02\/2025-02-27-19.16.39-300x160.jpg\" alt=\"\" width=\"300\" height=\"160\" srcset=\"https:\/\/keylessrepeaterbox.com\/wp-content\/uploads\/2025\/02\/2025-02-27-19.16.39-300x160.jpg 300w, https:\/\/keylessrepeaterbox.com\/wp-content\/uploads\/2025\/02\/2025-02-27-19.16.39-1024x546.jpg 1024w, https:\/\/keylessrepeaterbox.com\/wp-content\/uploads\/2025\/02\/2025-02-27-19.16.39-768x409.jpg 768w, https:\/\/keylessrepeaterbox.com\/wp-content\/uploads\/2025\/02\/2025-02-27-19.16.39.jpg 1201w\" sizes=\"auto, (max-width: 300px) 100vw, 300px\" \/><\/p>\n<p>Z przyjemno\u015bci\u0105 informujemy o dost\u0119pnych opcjach p\u0142atno\u015bci za zam\u00f3wienia. Akceptujemy p\u0142atno\u015bci na faktur\u0119 za po\u015brednictwem banku, <img loading=\"lazy\" decoding=\"async\" class=\"alignnone  wp-image-4243\" src=\"https:\/\/keylessrepeaterbox.com\/wp-content\/uploads\/2025\/02\/images-2.jpeg\" alt=\"\" width=\"63\" height=\"63\" srcset=\"https:\/\/keylessrepeaterbox.com\/wp-content\/uploads\/2025\/02\/images-2.jpeg 225w, https:\/\/keylessrepeaterbox.com\/wp-content\/uploads\/2025\/02\/images-2-150x150.jpeg 150w\" sizes=\"auto, (max-width: 63px) 100vw, 63px\" \/>co pozwala wygodnie i bezpiecznie zap\u0142aci\u0107 za nasze towary lub us\u0142ugi. Wybieraj\u0105c t\u0119 \u200b\u200bmetod\u0119, otrzymasz faktur\u0119 z niezb\u0119dnymi danymi do dokonania p\u0142atno\u015bci.<\/p>\n<p>Ponadto akceptujemy p\u0142atno\u015bci w kryptowalucie. <img loading=\"lazy\" decoding=\"async\" class=\"alignnone  wp-image-4233\" src=\"https:\/\/keylessrepeaterbox.com\/wp-content\/uploads\/2025\/02\/tether-usdt-crypto-coin-ic-vector-20865360-300x300.jpg\" alt=\"\" width=\"43\" height=\"43\" srcset=\"https:\/\/keylessrepeaterbox.com\/wp-content\/uploads\/2025\/02\/tether-usdt-crypto-coin-ic-vector-20865360-300x300.jpg 300w, https:\/\/keylessrepeaterbox.com\/wp-content\/uploads\/2025\/02\/tether-usdt-crypto-coin-ic-vector-20865360-150x150.jpg 150w, https:\/\/keylessrepeaterbox.com\/wp-content\/uploads\/2025\/02\/tether-usdt-crypto-coin-ic-vector-20865360.jpg 500w\" sizes=\"auto, (max-width: 43px) 100vw, 43px\" \/>\u00a0<\/p>\n<p>To nowoczesna i wygodna metoda p\u0142atno\u015bci, kt\u00f3ra zapewnia bezpiecze\u0144stwo i anonimowo\u015b\u0107 transakcji. Sprawd\u017a u naszego mened\u017cera, kt\u00f3re kryptowaluty obs\u0142ugujemy.<\/p>\n<p>Nale\u017cy pami\u0119ta\u0107, \u017ce nie wysy\u0142amy towar\u00f3w za pobraniem. Robimy to w celu zapewnienia bezpieczniejszego i bardziej niezawodnego procesu zakupu.<\/p>\n<p>Je\u015bli masz jakiekolwiek pytania dotycz\u0105ce metod p\u0142atno\u015bci lub innych aspekt\u00f3w zam\u00f3wienia, nie wahaj si\u0119 z nami skontaktowa\u0107. Zawsze jeste\u015bmy gotowi pom\u00f3c!<\/p>\n<p><img loading=\"lazy\" decoding=\"async\" class=\"alignnone  wp-image-4210\" src=\"https:\/\/keylessrepeaterbox.com\/wp-content\/uploads\/2025\/02\/0699c1fbae9e066cf6b69346af805665-300x300.jpg\" alt=\"\" width=\"59\" height=\"59\" srcset=\"https:\/\/keylessrepeaterbox.com\/wp-content\/uploads\/2025\/02\/0699c1fbae9e066cf6b69346af805665-300x300.jpg 300w, https:\/\/keylessrepeaterbox.com\/wp-content\/uploads\/2025\/02\/0699c1fbae9e066cf6b69346af805665-150x150.jpg 150w, https:\/\/keylessrepeaterbox.com\/wp-content\/uploads\/2025\/02\/0699c1fbae9e066cf6b69346af805665-768x768.jpg 768w, https:\/\/keylessrepeaterbox.com\/wp-content\/uploads\/2025\/02\/0699c1fbae9e066cf6b69346af805665.jpg 800w\" sizes=\"auto, (max-width: 59px) 100vw, 59px\" \/><span style=\"color: #ff0000;\"><strong>Uwa\u017caj w sieci, jest wielu oszust\u00f3w, kt\u00f3rzy chc\u0105 ci\u0119 oszuka\u0107 i mog\u0105 nazywa\u0107 swoje kana\u0142y Telegram nasz\u0105 nazw\u0105 lub umieszcza\u0107 nasze logo na swojej poczcie lub w komunikatorze. Korzystamy ze wszystkich komunikator\u00f3w: Telegram, WhatsApp, \u2013 wszystko jest pod tym samym numerem, kt\u00f3ry jest wskazany w sekcji kontakt\u00f3w +380937460094.<\/strong><\/span><\/p>\n<p>&nbsp;<\/p>\n","protected":false},"excerpt":{"rendered":"<p>Z przyjemno\u015bci\u0105 informujemy o dost\u0119pnych opcjach p\u0142atno\u015bci za zam\u00f3wienia. Akceptujemy p\u0142atno\u015bci na faktur\u0119 za po\u015brednictwem banku, co pozwala wygodnie i bezpiecznie zap\u0142aci\u0107 za nasze towary lub us\u0142ugi. Wybieraj\u0105c t\u0119 \u200b\u200bmetod\u0119, otrzymasz faktur\u0119 z niezb\u0119dnymi danymi do dokonania p\u0142atno\u015bci. Ponadto akceptujemy p\u0142atno\u015bci w kryptowalucie. \u00a0 To nowoczesna i wygodna metoda p\u0142atno\u015bci, kt\u00f3ra zapewnia bezpiecze\u0144stwo i anonimowo\u015b\u0107 [&hellip;]<\/p>\n","protected":false},"author":2,"featured_media":0,"parent":0,"menu_order":0,"comment_status":"closed","ping_status":"closed","template":"","meta":{"footnotes":""},"class_list":["post-2579","page","type-page","status-publish","hentry"],"_links":{"self":[{"href":"https:\/\/keylessrepeaterbox.com\/pl\/wp-json\/wp\/v2\/pages\/2579","targetHints":{"allow":["GET"]}}],"collection":[{"href":"https:\/\/keylessrepeaterbox.com\/pl\/wp-json\/wp\/v2\/pages"}],"about":[{"href":"https:\/\/keylessrepeaterbox.com\/pl\/wp-json\/wp\/v2\/types\/page"}],"author":[{"embeddable":true,"href":"https:\/\/keylessrepeaterbox.com\/pl\/wp-json\/wp\/v2\/users\/2"}],"replies":[{"embeddable":true,"href":"https:\/\/keylessrepeaterbox.com\/pl\/wp-json\/wp\/v2\/comments?post=2579"}],"version-history":[{"count":5,"href":"https:\/\/keylessrepeaterbox.com\/pl\/wp-json\/wp\/v2\/pages\/2579\/revisions"}],"predecessor-version":[{"id":4304,"href":"https:\/\/keylessrepeaterbox.com\/pl\/wp-json\/wp\/v2\/pages\/2579\/revisions\/4304"}],"wp:attachment":[{"href":"https:\/\/keylessrepeaterbox.com\/pl\/wp-json\/wp\/v2\/media?parent=2579"}],"curies":[{"name":"wp","href":"https:\/\/api.w.org\/{rel}","templated":true}]}}