{"id":2574,"date":"2021-09-08T20:11:05","date_gmt":"2021-09-08T17:11:05","guid":{"rendered":"https:\/\/keylessgorepeater.com\/delivery\/"},"modified":"2025-02-28T16:45:00","modified_gmt":"2025-02-28T13:45:00","slug":"delivery","status":"publish","type":"page","link":"https:\/\/keylessrepeaterbox.com\/pt-pt\/delivery\/","title":{"rendered":"Delivery"},"content":{"rendered":"<p style=\"text-align: center;\"><strong><img loading=\"lazy\" decoding=\"async\" class=\"alignnone wp-image-4193\" src=\"https:\/\/keylessrepeaterbox.com\/wp-content\/uploads\/2025\/02\/4e76b979-fa6b-42b1-b0ab-cbeed0a6c9bb-300x139.jpg\" alt=\"\" width=\"184\" height=\"85\" srcset=\"https:\/\/keylessrepeaterbox.com\/wp-content\/uploads\/2025\/02\/4e76b979-fa6b-42b1-b0ab-cbeed0a6c9bb-300x139.jpg 300w, https:\/\/keylessrepeaterbox.com\/wp-content\/uploads\/2025\/02\/4e76b979-fa6b-42b1-b0ab-cbeed0a6c9bb-1024x473.jpg 1024w, https:\/\/keylessrepeaterbox.com\/wp-content\/uploads\/2025\/02\/4e76b979-fa6b-42b1-b0ab-cbeed0a6c9bb-768x355.jpg 768w, https:\/\/keylessrepeaterbox.com\/wp-content\/uploads\/2025\/02\/4e76b979-fa6b-42b1-b0ab-cbeed0a6c9bb.jpg 1280w\" sizes=\"auto, (max-width: 184px) 100vw, 184px\" \/><\/strong><\/p>\n<p class=\"p1\">La entrega de las mercanc\u00edas la realiza DHL, una de las empresas de mensajer\u00eda m\u00e1s importantes del mundo, que ofrece env\u00edos r\u00e1pidos, fiables y seguros a todo el mundo. Las ventajas de DHL incluyen una alta velocidad de transporte, seguimiento de los env\u00edos en tiempo real, plazos de entrega garantizados y una amplia gama de servicios adicionales. Con una red log\u00edstica global y un enfoque profesional, DHL garantiza una entrega c\u00f3moda y eficiente tanto para clientes privados como para empresas. Los t\u00e9rminos y m\u00e9todos de entrega se discuten individualmente con el gerente al realizar un pedido.<\/p>\n","protected":false},"excerpt":{"rendered":"<p>La entrega de las mercanc\u00edas la realiza DHL, una de las empresas de mensajer\u00eda m\u00e1s importantes del mundo, que ofrece env\u00edos r\u00e1pidos, fiables y seguros a todo el mundo. Las ventajas de DHL incluyen una alta velocidad de transporte, seguimiento de los env\u00edos en tiempo real, plazos de entrega garantizados y una amplia gama de [&hellip;]<\/p>\n","protected":false},"author":2,"featured_media":0,"parent":0,"menu_order":0,"comment_status":"closed","ping_status":"closed","template":"","meta":{"footnotes":""},"class_list":["post-2574","page","type-page","status-publish","hentry"],"_links":{"self":[{"href":"https:\/\/keylessrepeaterbox.com\/pt-pt\/wp-json\/wp\/v2\/pages\/2574","targetHints":{"allow":["GET"]}}],"collection":[{"href":"https:\/\/keylessrepeaterbox.com\/pt-pt\/wp-json\/wp\/v2\/pages"}],"about":[{"href":"https:\/\/keylessrepeaterbox.com\/pt-pt\/wp-json\/wp\/v2\/types\/page"}],"author":[{"embeddable":true,"href":"https:\/\/keylessrepeaterbox.com\/pt-pt\/wp-json\/wp\/v2\/users\/2"}],"replies":[{"embeddable":true,"href":"https:\/\/keylessrepeaterbox.com\/pt-pt\/wp-json\/wp\/v2\/comments?post=2574"}],"version-history":[{"count":4,"href":"https:\/\/keylessrepeaterbox.com\/pt-pt\/wp-json\/wp\/v2\/pages\/2574\/revisions"}],"predecessor-version":[{"id":4283,"href":"https:\/\/keylessrepeaterbox.com\/pt-pt\/wp-json\/wp\/v2\/pages\/2574\/revisions\/4283"}],"wp:attachment":[{"href":"https:\/\/keylessrepeaterbox.com\/pt-pt\/wp-json\/wp\/v2\/media?parent=2574"}],"curies":[{"name":"wp","href":"https:\/\/api.w.org\/{rel}","templated":true}]}}