{"id":2586,"date":"2021-09-08T20:10:37","date_gmt":"2021-09-08T17:10:37","guid":{"rendered":"https:\/\/keylessgorepeater.com\/warranty\/"},"modified":"2025-02-28T12:40:12","modified_gmt":"2025-02-28T09:40:12","slug":"warranty","status":"publish","type":"page","link":"https:\/\/keylessrepeaterbox.com\/pt-pt\/warranty\/","title":{"rendered":"Warranty"},"content":{"rendered":"<p><img loading=\"lazy\" decoding=\"async\" class=\"alignnone wp-image-4252\" src=\"https:\/\/keylessrepeaterbox.com\/wp-content\/uploads\/2025\/02\/photo_2025-02-28-11.17.40-300x300.jpeg\" alt=\"\" width=\"217\" height=\"217\" srcset=\"https:\/\/keylessrepeaterbox.com\/wp-content\/uploads\/2025\/02\/photo_2025-02-28-11.17.40-300x300.jpeg 300w, https:\/\/keylessrepeaterbox.com\/wp-content\/uploads\/2025\/02\/photo_2025-02-28-11.17.40-150x150.jpeg 150w, https:\/\/keylessrepeaterbox.com\/wp-content\/uploads\/2025\/02\/photo_2025-02-28-11.17.40-768x768.jpeg 768w, https:\/\/keylessrepeaterbox.com\/wp-content\/uploads\/2025\/02\/photo_2025-02-28-11.17.40.jpeg 1024w\" sizes=\"auto, (max-width: 217px) 100vw, 217px\" \/><\/p>\n<p>Garantia e apoio ao cliente Valorizamos a confian\u00e7a dos nossos clientes e esfor\u00e7amo-nos por proporcionar a m\u00e1xima confian\u00e7a na qualidade do equipamento apresentado no nosso site.<\/p>\n<p>Garantia do fabricante de 1 ano Todos os dispositivos apresentados no nosso cat\u00e1logo s\u00e3o acompanhados por uma garantia direta de 1 ano dos seus fabricantes. Isto significa que, no prazo de 12 meses a contar da data da compra, se ocorrerem defeitos de fabrico ou avarias associadas a um defeito de f\u00e1brica, o equipamento estar\u00e1 sujeito a repara\u00e7\u00e3o ou substitui\u00e7\u00e3o de acordo com os termos do fabricante.<\/p>\n<p>Trabalhamos apenas com fornecedores fi\u00e1veis \u200b\u200be comprovados, o que garante a originalidade e a elevada qualidade de cada produto.<\/p>\n<p>O que inclui a garantia: \u2714 Repara\u00e7\u00e3o gratuita se for detetado um defeito de fabrico \u2714 Poss\u00edvel substitui\u00e7\u00e3o do dispositivo se n\u00e3o puder ser reparado \u2714 Contacto direto com os centros de assist\u00eancia autorizados do fabricante O que a garantia n\u00e3o inclui: \u2718 Danos causados \u200b\u200bpor funcionamento inadequado ou falha em seguir as instru\u00e7\u00f5es \u2718 Danos mec\u00e2nicos resultantes de quedas, impactos e outros fatores externos \u2718 Entrada de humidade, poeira ou sujidade no dispositivo, se tal n\u00e3o for previsto pelas condi\u00e7\u00f5es de funcionamento Conta cliente ap\u00f3s o servi\u00e7o de garantia Cuidamos de cada cliente n\u00e3o s\u00f3 durante o per\u00edodo de garantia, mas tamb\u00e9m ap\u00f3s o seu vencimento.<\/p>\n<p>Ap\u00f3s a conclus\u00e3o do servi\u00e7o de garantia, fornecemos uma conta de cliente pessoal que lhe permite: \u2714 Acompanhar o hist\u00f3rico de pedidos de garantia e repara\u00e7\u00f5es \u2714 Receber recomenda\u00e7\u00f5es e atualiza\u00e7\u00f5es pessoais sobre o equipamento \u2714 Organizar o servi\u00e7o p\u00f3s-garantia em condi\u00e7\u00f5es favor\u00e1veis \u200b\u200b\u2714 Contactar rapidamente o apoio t\u00e9cnico para consultas Os nossos especialistas est\u00e3o sempre prontos para o ajudar com quaisquer d\u00favidas relacionadas com a opera\u00e7\u00e3o e manuten\u00e7\u00e3o do equipamento adquirido.<\/p>\n<p>Como utilizar a garantia?<\/p>\n<p>1\ufe0f\u20e3 Contacte o nosso servi\u00e7o de suporte, indicando o n\u00famero da encomenda e a descri\u00e7\u00e3o do problema.<br \/>\n2\ufe0f\u20e3 Iremos envi\u00e1-lo para um centro de assist\u00eancia autorizado ou providenciaremos a repara\u00e7\u00e3o\/substitui\u00e7\u00e3o de acordo com os termos do fabricante.<br \/>\n3\ufe0f\u20e3 Ap\u00f3s o t\u00e9rmino da repara\u00e7\u00e3o da garantia, receber\u00e1 um n\u00famero de conta pessoal para servi\u00e7os posteriores.<\/p>\n<p>Temos confian\u00e7a na qualidade dos nossos produtos e estamos prontos para lhe oferecer n\u00e3o s\u00f3 equipamentos fi\u00e1veis, mas tamb\u00e9m um elevado n\u00edvel de servi\u00e7o!<\/p>\n","protected":false},"excerpt":{"rendered":"<p>Garantia e apoio ao cliente Valorizamos a confian\u00e7a dos nossos clientes e esfor\u00e7amo-nos por proporcionar a m\u00e1xima confian\u00e7a na qualidade do equipamento apresentado no nosso site. Garantia do fabricante de 1 ano Todos os dispositivos apresentados no nosso cat\u00e1logo s\u00e3o acompanhados por uma garantia direta de 1 ano dos seus fabricantes. Isto significa que, no [&hellip;]<\/p>\n","protected":false},"author":2,"featured_media":0,"parent":0,"menu_order":0,"comment_status":"closed","ping_status":"closed","template":"","meta":{"footnotes":""},"class_list":["post-2586","page","type-page","status-publish","hentry"],"_links":{"self":[{"href":"https:\/\/keylessrepeaterbox.com\/pt-pt\/wp-json\/wp\/v2\/pages\/2586","targetHints":{"allow":["GET"]}}],"collection":[{"href":"https:\/\/keylessrepeaterbox.com\/pt-pt\/wp-json\/wp\/v2\/pages"}],"about":[{"href":"https:\/\/keylessrepeaterbox.com\/pt-pt\/wp-json\/wp\/v2\/types\/page"}],"author":[{"embeddable":true,"href":"https:\/\/keylessrepeaterbox.com\/pt-pt\/wp-json\/wp\/v2\/users\/2"}],"replies":[{"embeddable":true,"href":"https:\/\/keylessrepeaterbox.com\/pt-pt\/wp-json\/wp\/v2\/comments?post=2586"}],"version-history":[{"count":5,"href":"https:\/\/keylessrepeaterbox.com\/pt-pt\/wp-json\/wp\/v2\/pages\/2586\/revisions"}],"predecessor-version":[{"id":4271,"href":"https:\/\/keylessrepeaterbox.com\/pt-pt\/wp-json\/wp\/v2\/pages\/2586\/revisions\/4271"}],"wp:attachment":[{"href":"https:\/\/keylessrepeaterbox.com\/pt-pt\/wp-json\/wp\/v2\/media?parent=2586"}],"curies":[{"name":"wp","href":"https:\/\/api.w.org\/{rel}","templated":true}]}}